{"id":196,"date":"2013-12-05T20:29:36","date_gmt":"2013-12-05T18:29:36","guid":{"rendered":"http:\/\/www.carnivalexplosion.de\/wordpress\/?page_id=196"},"modified":"2026-04-19T13:40:35","modified_gmt":"2026-04-19T12:40:35","slug":"impressum","status":"publish","type":"page","link":"https:\/\/www.carnivalexplosion.de\/wordpress\/impressum\/","title":{"rendered":"Impressum"},"content":{"rendered":"<div title=\"Page 8\">\n<p>Stand: 04\/2026<\/p>\n<p>Carnival Explosion, Frank Berger, Bornholmer Stra\u00dfe 92, 10439 Berlin Tel.: +49 \u2013 175 \u2013 414 6691<br \/>\nE-Mail: carnivalexplosion@yahoo.de<br \/>\nVerantwortlicher: Frank Berger, Steuernummer: 31\/ 225\/ 64442<\/p>\n<p>Nach \u00a719 Ust.G keine Umsatzsteuerpflicht.<\/p>\n<p>Diese Website dient ausschlie\u00dflich der Registrierung f\u00fcr die Teilnahme am Umzug des Karneval der Kulturen in Berlin sowie des Carnival der Kulturen Bielefeld (einmalig pro Jahr stattfindende Veranstaltungen) sowie der Entrichtung einer Teilnahmegeb\u00fchr zur Refinanzierung der Sachkosten. Ein kommerzieller Erwerb einer Leistung ohne die Teilnahme am Karneval der Kulturen ist nicht m\u00f6glich.<\/p>\n<p>Konzeption Elmer Mekas<br \/>\nelmer@atypezero.com<\/p>\n<p>Haftung f\u00fcr Inhalte<br \/>\nDie Inhalte unserer Seiten wurden mit gr\u00f6\u00dfter Sorgfalt erstellt. F\u00fcr die Richtigkeit, Vollst\u00e4ndigkeit und Aktualit\u00e4t der Inhalte k\u00f6nnen wir jedoch keine Gew\u00e4hr \u00fcbernehmen. Als Diensteanbieter sind wir gem\u00e4\u00df \u00a7 6 Abs.1 MDStV und \u00a7 8 Abs.1 TDG f\u00fcr eigene Inhalte auf diesen Seiten nach den allgemeinen Gesetzen verantwortlich. Diensteanbieter sind jedoch nicht verpflichtet, die von ihnen \u00fcbermittelten oder gespeicherten fremden Informationen zu \u00fcberwachen oder nach Umst\u00e4nden zu forschen, die auf eine rechtswidrige T\u00e4tigkeit hinweisen. Verpflichtungen zur Entfernung oder Sperrung der Nutzung von Informationen nach den allgemeinen Gesetzen bleiben hiervon unber\u00fchrt. Eine diesbez\u00fcgliche Haftung ist jedoch erst ab dem Zeitpunkt der Kenntnis einer konkreten Rechtsverletzung m\u00f6glich. Bei bekannt werden von entsprechenden Rechtsverletzungen werden wir diese Inhalte umgehend entfernen.<br \/>\nHaftung f\u00fcr Links<br \/>\nUnser Angebot enth\u00e4lt Links zu externen Webseiten Dritter, auf deren Inhalte wir keinen Einfluss haben. Deshalb k\u00f6nnen wir f\u00fcr diese fremden Inhalte auch keine Gew\u00e4hr \u00fcbernehmen. F\u00fcr die Inhalte der verlinkten Seiten ist stets der jeweilige Anbieter oder Betreiber der Seiten verantwortlich. Die verlinkten Seiten wurden zum Zeitpunkt der Verlinkung auf m\u00f6gliche Rechtsverst\u00f6\u00dfe \u00fcberpr\u00fcft. Rechtswidrige Inhalte waren zum Zeitpunkt der Verlinkung nicht erkennbar. Eine permanente inhaltliche Kontrolle der verlinkten Seiten ist jedoch ohne konkrete Anhaltspunkte einer Rechtsverletzung nicht zumutbar. Bei bekannt werden von Rechtsverletzungen werden wir derartige Links umgehend entfernen.<br \/>\nUrheberrecht<br \/>\nDie Betreiber der Seiten sind bem\u00fcht, stets die Urheberrechte anderer zu beachten bzw. auf selbst erstellte sowie lizenzfreie Werke zur\u00fcckzugreifen. Die durch die Seitenbetreiber erstellten Inhalte und Werke auf diesen Seiten unterliegen dem deutschen Urheberrecht. Beitr\u00e4ge Dritter sind als solche gekennzeichnet. Die Vervielf\u00e4ltigung, Bearbeitung, Verbreitung und jede Art der Verwertung au\u00dferhalb der Grenzen des Urheberrechtes bed\u00fcrfen der schriftlichen Zustimmung des jeweiligen Autors bzw. Erstellers. Downloads und Kopien dieser Seite sind nur f\u00fcr den privaten, nicht kommerziellen Gebrauch gestattet.<\/p>\n<div title=\"Page 10\">\n<p><a href=\"http:\/\/www.carnivalexplosion.de\/wordpress\/wp-content\/uploads\/2025-AGB_TERMS-CE_V1.pdf\">AGB_TERMS 2025<\/a><\/p>\n<p><a href=\"http:\/\/www.carnivalexplosion.de\/wordpress\/wp-content\/uploads\/2025-Teilnahmebedingungen-KdK-04.03.2025.pdf\">TEILNAHMEBEDINGUNGEN_TERMS KDK 2025<\/a><\/p>\n<p><a href=\"http:\/\/www.carnivalexplosion.de\/wordpress\/wp-content\/uploads\/2025-Zusatzvereinbarung-Schwangerschaft.pdf\">ZUSATZVEREINBARUNG SCHWANGERSCHAFT\/PREGNANCY 2025<\/a><\/p>\n<p><a href=\"http:\/\/www.carnivalexplosion.de\/wordpress\/wp-content\/uploads\/2025-Muster_Widerrufsbelehrung.pdf\">MUSTER WIDERRUFSBELEHRUNG\/CANCELLATION POLICY 2025<\/a><\/p>\n<p><a href=\"http:\/\/www.carnivalexplosion.de\/wordpress\/wp-content\/uploads\/2025-Code-of-Conduct-des-Karneval-der-Kulturen.pdf\">CODE OF CONDUCT KDK 2025<\/a><\/p>\n<\/div>\n<p><a href=\"http:\/\/www.carnivalexplosion.de\/wordpress\/wp-content\/uploads\/2025-Code-of-Conduct-des-Karneval-der-Kulturen.pdf\">DATENSCHUTZERKL\u00c4RUNG\/DATA POLICY 2025<\/a><\/p>\n<\/div>\n","protected":false},"excerpt":{"rendered":"<p>Stand: 04\/2026 Carnival Explosion, Frank Berger, Bornholmer Stra\u00dfe 92, 10439 Berlin Tel.: +49 \u2013 175 \u2013 414 6691 E-Mail: carnivalexplosion@yahoo.de Verantwortlicher: Frank Berger, Steuernummer: 31\/ 225\/ 64442 Nach \u00a719 Ust.G keine Umsatzsteuerpflicht. Diese Website dient ausschlie\u00dflich der Registrierung f\u00fcr die Teilnahme am Umzug des Karneval der Kulturen in Berlin sowie des Carnival der Kulturen Bielefeld [&hellip;]<\/p>\n","protected":false},"author":2,"featured_media":0,"parent":0,"menu_order":0,"comment_status":"closed","ping_status":"closed","template":"","meta":{"jetpack_post_was_ever_published":false,"footnotes":""},"class_list":["post-196","page","type-page","status-publish","hentry","post"],"jetpack_sharing_enabled":true,"jetpack_shortlink":"https:\/\/wp.me\/P5Ah0r-3a","_links":{"self":[{"href":"https:\/\/www.carnivalexplosion.de\/wordpress\/wp-json\/wp\/v2\/pages\/196","targetHints":{"allow":["GET"]}}],"collection":[{"href":"https:\/\/www.carnivalexplosion.de\/wordpress\/wp-json\/wp\/v2\/pages"}],"about":[{"href":"https:\/\/www.carnivalexplosion.de\/wordpress\/wp-json\/wp\/v2\/types\/page"}],"author":[{"embeddable":true,"href":"https:\/\/www.carnivalexplosion.de\/wordpress\/wp-json\/wp\/v2\/users\/2"}],"replies":[{"embeddable":true,"href":"https:\/\/www.carnivalexplosion.de\/wordpress\/wp-json\/wp\/v2\/comments?post=196"}],"version-history":[{"count":16,"href":"https:\/\/www.carnivalexplosion.de\/wordpress\/wp-json\/wp\/v2\/pages\/196\/revisions"}],"predecessor-version":[{"id":28341,"href":"https:\/\/www.carnivalexplosion.de\/wordpress\/wp-json\/wp\/v2\/pages\/196\/revisions\/28341"}],"wp:attachment":[{"href":"https:\/\/www.carnivalexplosion.de\/wordpress\/wp-json\/wp\/v2\/media?parent=196"}],"curies":[{"name":"wp","href":"https:\/\/api.w.org\/{rel}","templated":true}]}}