{"id":27417,"date":"2024-03-23T15:14:58","date_gmt":"2024-03-23T14:14:58","guid":{"rendered":"http:\/\/www.carnivalexplosion.de\/wordpress\/?page_id=27417"},"modified":"2026-04-24T19:45:27","modified_gmt":"2026-04-24T18:45:27","slug":"events","status":"publish","type":"page","link":"https:\/\/www.carnivalexplosion.de\/wordpress\/events\/","title":{"rendered":"EVENTS"},"content":{"rendered":"<h1 class=\"wp-block-heading\">CULTURE PROGRAM\/ EVENTS<\/h1><p>Wir bringen die Community wieder am Karneval der Kulturen Wochenende in Berlin zusammen! Lasst uns Vielfalt leben, zeigen und feiern f\u00fcr ein gesellschaftlichen, menschliches Miteinander. Kulturelle Freir\u00e4ume nutzen solange es Sie noch gibt. Wir bedanken uns schon jetzt bei unseren Partner-Locations und Djs f\u00fcr den Mut und das Vertrauen unsere einmaligen kulturellen Veranstaltungen zu unterst\u00fctzen.<\/p><p><span style=\"color: #ff0000;\"><strong>Get your tickets now here:  <a href=\"https:\/\/shop.eventjet.at\/de\/ceberlincarnival\">https:\/\/shop.eventjet.at\/de\/ceberlincarnival<\/a><\/strong><\/span><\/p><h2 class=\"wp-block-heading\"><strong>Freitag, 22.05.2026 &#8211; J\u00b4OUVERT 2026 &#8211; THE CITY BEACH EDITION &#8211; LIQUID COLOURS, SOCA MUSIC, BEACH BAR (15 &#8211; 21.30 Uhr<\/strong>)<\/h2><h6 class=\"wp-block-heading\">Verpasse nicht dieses in Berlin einmalige kulturelle Event. Wir er\u00f6ffnen wie jedes Jahr das Karneval der Kulturen Wochenende. NEW LOCATION: Strandbar gestrandet &#8211; direkt S-Bahnhof Jannowitzbr\u00fccke &#8211; 700m vom Alexanderplatz oder 1 Station mit \u00d6PNV. <span style=\"color: #ff0000;\">Achtung: Wegen der Vorbereitung der Farben ist Kartenvorkauf erw\u00fcnscht. Vor Ort nur nach Verf\u00fcgbarkeit<\/span><\/h6><figure class=\"wp-block-image size-full is-resized\"><img loading=\"lazy\" decoding=\"async\" width=\"2160\" height=\"2160\" src=\"https:\/\/www.carnivalexplosion.de\/wordpress\/wp-content\/uploads\/jouvert-sq-1.png\" alt=\"\" class=\"wp-image-28376\" style=\"width:338px;height:auto\" srcset=\"https:\/\/www.carnivalexplosion.de\/wordpress\/wp-content\/uploads\/jouvert-sq-1.png 2160w, https:\/\/www.carnivalexplosion.de\/wordpress\/wp-content\/uploads\/jouvert-sq-1-768x768.png 768w, https:\/\/www.carnivalexplosion.de\/wordpress\/wp-content\/uploads\/jouvert-sq-1-300x300.png 300w, https:\/\/www.carnivalexplosion.de\/wordpress\/wp-content\/uploads\/jouvert-sq-1-150x150.png 150w, https:\/\/www.carnivalexplosion.de\/wordpress\/wp-content\/uploads\/jouvert-sq-1-1536x1536.png 1536w, https:\/\/www.carnivalexplosion.de\/wordpress\/wp-content\/uploads\/jouvert-sq-1-2048x2048.png 2048w, https:\/\/www.carnivalexplosion.de\/wordpress\/wp-content\/uploads\/jouvert-sq-1-800x800.png 800w, https:\/\/www.carnivalexplosion.de\/wordpress\/wp-content\/uploads\/jouvert-sq-1-100x100.png 100w\" sizes=\"auto, (max-width: 2160px) 100vw, 2160px\" \/><\/figure><p><\/p><h2 class=\"wp-block-heading\"><strong>Samstag, 23.05.2026 &#8211; ABOVE 2026 &#8211; THE CARIBBEAN ROOFTOP PARTY &#8211; OPEN AIR &amp; INDOOR &#8211; CARIBBEAN MUSIC &#8211; 15TH FLOOR<\/strong> <strong>(16 &#8211; 22 Uhr)<\/strong><\/h2><h6 class=\"wp-block-heading\">\u00dcber den Wolken mit Blick auf den Fernsehturm mit karibischen K\u00f6stlichkeiten (nach Verf\u00fcgbarkeit) Nationale und internationale Djs mit der Atmosph\u00e4re eines Live-Events oder Konzert.<\/h6><p><\/p><figure class=\"wp-block-image size-full is-resized\"><img loading=\"lazy\" decoding=\"async\" width=\"1440\" height=\"1440\" src=\"https:\/\/www.carnivalexplosion.de\/wordpress\/wp-content\/uploads\/Above-sq.png\" alt=\"\" class=\"wp-image-28368\" style=\"width:338px;height:auto\" srcset=\"https:\/\/www.carnivalexplosion.de\/wordpress\/wp-content\/uploads\/Above-sq.png 1440w, https:\/\/www.carnivalexplosion.de\/wordpress\/wp-content\/uploads\/Above-sq-768x768.png 768w, https:\/\/www.carnivalexplosion.de\/wordpress\/wp-content\/uploads\/Above-sq-300x300.png 300w, https:\/\/www.carnivalexplosion.de\/wordpress\/wp-content\/uploads\/Above-sq-150x150.png 150w, https:\/\/www.carnivalexplosion.de\/wordpress\/wp-content\/uploads\/Above-sq-800x800.png 800w, https:\/\/www.carnivalexplosion.de\/wordpress\/wp-content\/uploads\/Above-sq-100x100.png 100w\" sizes=\"auto, (max-width: 1440px) 100vw, 1440px\" \/><\/figure><p><\/p><h2 class=\"wp-block-heading\"><strong>Sonntag, 24.05.2026 &#8211; TBA &#8211; SURPRISE &#8211; FREE EVENT<\/strong> (16 &#8211; 22 Uhr)<\/h2><h6 class=\"wp-block-heading\">Wir sind noch in der Planung, aber wenn das klappt wird das gro\u00dfartig&#8230; STAY TUNED!<\/h6><figure class=\"wp-block-image size-full is-resized\"><img loading=\"lazy\" decoding=\"async\" width=\"1080\" height=\"720\" src=\"https:\/\/www.carnivalexplosion.de\/wordpress\/wp-content\/uploads\/2025-Parade-1.jpg\" alt=\"\" class=\"wp-image-28369\" style=\"width:338px;height:auto\" srcset=\"https:\/\/www.carnivalexplosion.de\/wordpress\/wp-content\/uploads\/2025-Parade-1.jpg 1080w, https:\/\/www.carnivalexplosion.de\/wordpress\/wp-content\/uploads\/2025-Parade-1-768x512.jpg 768w, https:\/\/www.carnivalexplosion.de\/wordpress\/wp-content\/uploads\/2025-Parade-1-450x300.jpg 450w, https:\/\/www.carnivalexplosion.de\/wordpress\/wp-content\/uploads\/2025-Parade-1-272x182.jpg 272w, https:\/\/www.carnivalexplosion.de\/wordpress\/wp-content\/uploads\/2025-Parade-1-800x533.jpg 800w\" sizes=\"auto, (max-width: 1080px) 100vw, 1080px\" \/><\/figure><h2 class=\"wp-block-heading\"><strong>Montag, 25.05.2026 &#8211; FAMALAYLAYLAY 2026 &#8211; THE CARIBBEAN BOOT PARTY &#8211; LAST LAP CARNIVAL BOAT RIDE &#8211; CARIBBEAN MUSIC <\/strong> <strong>(11 &#8211; 15 Uhr)<\/strong><\/h2><h6 class=\"wp-block-heading\">WHAT HAPPENS ON A BOAT STAYS ON A BOAT! Mit kalten Getr\u00e4nken und Musik fahren wir die Spree entlang. Unsere tradionelle LAST LAP Veranstaltung bevor wir uns wieder f\u00fcr ein Jahr vom Berliner Karneval der Kulturen verabschieden m\u00fcssen. Einmal M\u00fcggelsee hin- und zur\u00fcck vorbei an den sch\u00f6nen gr\u00fcnem Ufer der Spree.<\/h6><figure class=\"wp-block-image size-full is-resized\"><img loading=\"lazy\" decoding=\"async\" width=\"2160\" height=\"2160\" src=\"https:\/\/www.carnivalexplosion.de\/wordpress\/wp-content\/uploads\/Famalaylaylay-May-25th-2026-sq-1.png\" alt=\"\" class=\"wp-image-28377\" style=\"width:339px;height:auto\" srcset=\"https:\/\/www.carnivalexplosion.de\/wordpress\/wp-content\/uploads\/Famalaylaylay-May-25th-2026-sq-1.png 2160w, https:\/\/www.carnivalexplosion.de\/wordpress\/wp-content\/uploads\/Famalaylaylay-May-25th-2026-sq-1-768x768.png 768w, https:\/\/www.carnivalexplosion.de\/wordpress\/wp-content\/uploads\/Famalaylaylay-May-25th-2026-sq-1-300x300.png 300w, https:\/\/www.carnivalexplosion.de\/wordpress\/wp-content\/uploads\/Famalaylaylay-May-25th-2026-sq-1-150x150.png 150w, https:\/\/www.carnivalexplosion.de\/wordpress\/wp-content\/uploads\/Famalaylaylay-May-25th-2026-sq-1-1536x1536.png 1536w, https:\/\/www.carnivalexplosion.de\/wordpress\/wp-content\/uploads\/Famalaylaylay-May-25th-2026-sq-1-2048x2048.png 2048w, https:\/\/www.carnivalexplosion.de\/wordpress\/wp-content\/uploads\/Famalaylaylay-May-25th-2026-sq-1-800x800.png 800w, https:\/\/www.carnivalexplosion.de\/wordpress\/wp-content\/uploads\/Famalaylaylay-May-25th-2026-sq-1-100x100.png 100w\" sizes=\"auto, (max-width: 2160px) 100vw, 2160px\" \/><\/figure><p><\/p>","protected":false},"excerpt":{"rendered":"<p>CULTURE PROGRAM\/ EVENTS Wir bringen die Community wieder am Karneval der Kulturen Wochenende in Berlin zusammen! Lasst uns Vielfalt leben, zeigen und feiern f\u00fcr ein gesellschaftlichen, menschliches Miteinander. Kulturelle Freir\u00e4ume nutzen solange es Sie noch gibt. Wir bedanken uns schon jetzt bei unseren Partner-Locations und Djs f\u00fcr den Mut und das Vertrauen unsere einmaligen kulturellen [&hellip;]<\/p>\n","protected":false},"author":2,"featured_media":0,"parent":0,"menu_order":0,"comment_status":"closed","ping_status":"closed","template":"","meta":{"jetpack_post_was_ever_published":false,"footnotes":""},"class_list":["post-27417","page","type-page","status-publish","hentry","post"],"jetpack_sharing_enabled":true,"jetpack_shortlink":"https:\/\/wp.me\/P5Ah0r-78d","_links":{"self":[{"href":"https:\/\/www.carnivalexplosion.de\/wordpress\/wp-json\/wp\/v2\/pages\/27417","targetHints":{"allow":["GET"]}}],"collection":[{"href":"https:\/\/www.carnivalexplosion.de\/wordpress\/wp-json\/wp\/v2\/pages"}],"about":[{"href":"https:\/\/www.carnivalexplosion.de\/wordpress\/wp-json\/wp\/v2\/types\/page"}],"author":[{"embeddable":true,"href":"https:\/\/www.carnivalexplosion.de\/wordpress\/wp-json\/wp\/v2\/users\/2"}],"replies":[{"embeddable":true,"href":"https:\/\/www.carnivalexplosion.de\/wordpress\/wp-json\/wp\/v2\/comments?post=27417"}],"version-history":[{"count":24,"href":"https:\/\/www.carnivalexplosion.de\/wordpress\/wp-json\/wp\/v2\/pages\/27417\/revisions"}],"predecessor-version":[{"id":28387,"href":"https:\/\/www.carnivalexplosion.de\/wordpress\/wp-json\/wp\/v2\/pages\/27417\/revisions\/28387"}],"wp:attachment":[{"href":"https:\/\/www.carnivalexplosion.de\/wordpress\/wp-json\/wp\/v2\/media?parent=27417"}],"curies":[{"name":"wp","href":"https:\/\/api.w.org\/{rel}","templated":true}]}}